{"id":333,"date":"2025-10-14T12:11:52","date_gmt":"2025-10-14T10:11:52","guid":{"rendered":"https:\/\/antonikodia.pl\/index.php\/koszyk\/"},"modified":"2025-10-14T19:35:43","modified_gmt":"2025-10-14T17:35:43","slug":"koszyk","status":"publish","type":"page","link":"https:\/\/antonikodia.pl\/index.php\/koszyk\/","title":{"rendered":"Koszyk"},"content":{"rendered":"\n<div data-block-name=\"woocommerce\/cart\" class=\"wp-block-woocommerce-cart alignwide is-loading\">\n<div data-block-name=\"woocommerce\/filled-cart-block\" class=\"wp-block-woocommerce-filled-cart-block\">\n<div data-block-name=\"woocommerce\/cart-items-block\" class=\"wp-block-woocommerce-cart-items-block\">\n<div data-block-name=\"woocommerce\/cart-line-items-block\" class=\"wp-block-woocommerce-cart-line-items-block\"><\/div>\n\n\n<\/div>\n\n\n\n<div data-block-name=\"woocommerce\/cart-totals-block\" class=\"wp-block-woocommerce-cart-totals-block\">\n<div data-block-name=\"woocommerce\/cart-order-summary-block\" class=\"wp-block-woocommerce-cart-order-summary-block\">\n<div data-block-name=\"woocommerce\/cart-order-summary-heading-block\" data-content=\"Podsumowanie koszyka\" class=\"wp-block-woocommerce-cart-order-summary-heading-block\"><\/div>\n\n\n\n<div data-block-name=\"woocommerce\/cart-order-summary-coupon-form-block\" class=\"wp-block-woocommerce-cart-order-summary-coupon-form-block\"><\/div>\n\n\n\n<div data-block-name=\"woocommerce\/cart-order-summary-totals-block\" class=\"wp-block-woocommerce-cart-order-summary-totals-block\">\n<div data-block-name=\"woocommerce\/cart-order-summary-subtotal-block\" class=\"wp-block-woocommerce-cart-order-summary-subtotal-block\"><\/div>\n\n\n\n<div data-block-name=\"woocommerce\/cart-order-summary-fee-block\" class=\"wp-block-woocommerce-cart-order-summary-fee-block\"><\/div>\n\n\n\n<div data-block-name=\"woocommerce\/cart-order-summary-discount-block\" class=\"wp-block-woocommerce-cart-order-summary-discount-block\"><\/div>\n\n\n\n<div data-block-name=\"woocommerce\/cart-order-summary-shipping-block\" class=\"wp-block-woocommerce-cart-order-summary-shipping-block\"><\/div>\n\n\n\n<div data-block-name=\"woocommerce\/cart-order-summary-taxes-block\" class=\"wp-block-woocommerce-cart-order-summary-taxes-block\"><\/div>\n<\/div>\n<\/div>\n\n\n\n<div data-block-name=\"woocommerce\/cart-express-payment-block\" class=\"wp-block-woocommerce-cart-express-payment-block\"><\/div>\n\n\n\n<div data-block-name=\"woocommerce\/proceed-to-checkout-block\" class=\"wp-block-woocommerce-proceed-to-checkout-block\"><\/div>\n\n\n\n<div data-block-name=\"woocommerce\/cart-accepted-payment-methods-block\" class=\"wp-block-woocommerce-cart-accepted-payment-methods-block\"><\/div>\n<\/div>\n<\/div>\n\n\n\n<div data-block-name=\"woocommerce\/empty-cart-block\" class=\"wp-block-woocommerce-empty-cart-block\">\n<h2 class=\"wp-block-heading has-text-align-center with-empty-cart-icon wc-block-cart__empty-cart__title\">Tw\u00f3j koszyk jest obecnie pusty!<\/h2>\n\n\n\n<hr class=\"wp-block-separator has-alpha-channel-opacity is-style-dots\"\/>\n\n\n\n<h2 class=\"wp-block-heading has-text-align-center\">Nowe w sklepie<\/h2>\n\n\n<div data-block-name=\"woocommerce\/product-new\" data-columns=\"4\" data-rows=\"1\" class=\"wc-block-grid wp-block-product-new wp-block-woocommerce-product-new wc-block-product-new has-4-columns\"><ul class=\"wc-block-grid__products\"><li class=\"wc-block-grid__product\">\n\t\t\t\t<a href=\"https:\/\/antonikodia.pl\/index.php\/produkt\/dusza-9-madrosc-empatia-uniwersalizm\/\" class=\"wc-block-grid__product-link\">\n\t\t\t\t\t\n\t\t\t\t\t<div class=\"wc-block-grid__product-image\"><img loading=\"lazy\" decoding=\"async\" width=\"300\" height=\"300\" src=\"https:\/\/antonikodia.pl\/wp-content\/uploads\/2025\/10\/9-300x300.png\" class=\"attachment-woocommerce_thumbnail size-woocommerce_thumbnail\" alt=\"Dusza 9 \u2013 M\u0105dro\u015b\u0107, Empatia, Uniwersalizm\" srcset=\"https:\/\/antonikodia.pl\/wp-content\/uploads\/2025\/10\/9-300x300.png 300w, https:\/\/antonikodia.pl\/wp-content\/uploads\/2025\/10\/9-100x100.png 100w, https:\/\/antonikodia.pl\/wp-content\/uploads\/2025\/10\/9-600x600.png 600w, https:\/\/antonikodia.pl\/wp-content\/uploads\/2025\/10\/9-150x150.png 150w, https:\/\/antonikodia.pl\/wp-content\/uploads\/2025\/10\/9-768x768.png 768w, https:\/\/antonikodia.pl\/wp-content\/uploads\/2025\/10\/9.png 1024w\" sizes=\"auto, (max-width: 300px) 100vw, 300px\" \/><\/div>\n\t\t\t\t\t<div class=\"wc-block-grid__product-title\">Dusza 9 \u2013 M\u0105dro\u015b\u0107, Empatia, Uniwersalizm<\/div>\n\t\t\t\t<\/a>\n\t\t\t\t<div class=\"wc-block-grid__product-price price\"><span class=\"woocommerce-Price-amount amount\">45,00&nbsp;<span class=\"woocommerce-Price-currencySymbol\">&#122;&#322;<\/span><\/span><\/div>\n\t\t\t\t\n\t\t\t\t<div class=\"wp-block-button wc-block-grid__product-add-to-cart\"><a href=\"\/index.php\/wp-json\/wp\/v2\/pages\/333?add-to-cart=411\" aria-label=\"Dodaj do koszyka: &bdquo;Dusza 9 \u2013 M\u0105dro\u015b\u0107, Empatia, Uniwersalizm&rdquo;\" data-quantity=\"1\" data-product_id=\"411\" data-product_sku=\"\" data-price=\"45\" rel=\"nofollow\" class=\"wp-block-button__link wp-element-button add_to_cart_button ajax_add_to_cart\">Dodaj do koszyka<\/a><\/div>\n\t\t\t<\/li><li class=\"wc-block-grid__product\">\n\t\t\t\t<a href=\"https:\/\/antonikodia.pl\/index.php\/produkt\/dusza-8-sila-sukces-transformacja\/\" class=\"wc-block-grid__product-link\">\n\t\t\t\t\t\n\t\t\t\t\t<div class=\"wc-block-grid__product-image\"><img loading=\"lazy\" decoding=\"async\" width=\"300\" height=\"300\" src=\"https:\/\/antonikodia.pl\/wp-content\/uploads\/2025\/10\/8-300x300.png\" class=\"attachment-woocommerce_thumbnail size-woocommerce_thumbnail\" alt=\"Dusza 8 \u2013 Si\u0142a, Sukces, Transformacja\" srcset=\"https:\/\/antonikodia.pl\/wp-content\/uploads\/2025\/10\/8-300x300.png 300w, https:\/\/antonikodia.pl\/wp-content\/uploads\/2025\/10\/8-100x100.png 100w, https:\/\/antonikodia.pl\/wp-content\/uploads\/2025\/10\/8-600x600.png 600w, https:\/\/antonikodia.pl\/wp-content\/uploads\/2025\/10\/8-150x150.png 150w, https:\/\/antonikodia.pl\/wp-content\/uploads\/2025\/10\/8-768x768.png 768w, https:\/\/antonikodia.pl\/wp-content\/uploads\/2025\/10\/8.png 1024w\" sizes=\"auto, (max-width: 300px) 100vw, 300px\" \/><\/div>\n\t\t\t\t\t<div class=\"wc-block-grid__product-title\">Dusza 8 \u2013 Si\u0142a, Sukces, Transformacja<\/div>\n\t\t\t\t<\/a>\n\t\t\t\t<div class=\"wc-block-grid__product-price price\"><span class=\"woocommerce-Price-amount amount\">45,00&nbsp;<span class=\"woocommerce-Price-currencySymbol\">&#122;&#322;<\/span><\/span><\/div>\n\t\t\t\t\n\t\t\t\t<div class=\"wp-block-button wc-block-grid__product-add-to-cart\"><a href=\"https:\/\/antonikodia.pl\/index.php\/produkt\/dusza-8-sila-sukces-transformacja\/\" aria-label=\"Przeczytaj wi\u0119cej o &bdquo;Dusza 8 \u2013 Si\u0142a, Sukces, Transformacja&rdquo;\" data-quantity=\"1\" data-product_id=\"410\" data-product_sku=\"\" data-price=\"45\" rel=\"nofollow\" class=\"wp-block-button__link wp-element-button add_to_cart_button\">Dowiedz si\u0119 wi\u0119cej<\/a><\/div>\n\t\t\t<\/li><li class=\"wc-block-grid__product\">\n\t\t\t\t<a href=\"https:\/\/antonikodia.pl\/index.php\/produkt\/dusza-7-poszukiwacz-wiedza-cisza\/\" class=\"wc-block-grid__product-link\">\n\t\t\t\t\t\n\t\t\t\t\t<div class=\"wc-block-grid__product-image\"><img loading=\"lazy\" decoding=\"async\" width=\"300\" height=\"300\" src=\"https:\/\/antonikodia.pl\/wp-content\/uploads\/2025\/10\/7-300x300.png\" class=\"attachment-woocommerce_thumbnail size-woocommerce_thumbnail\" alt=\"Dusza 7 \u2013 Poszukiwacz, Wiedza, Cisza\" srcset=\"https:\/\/antonikodia.pl\/wp-content\/uploads\/2025\/10\/7-300x300.png 300w, https:\/\/antonikodia.pl\/wp-content\/uploads\/2025\/10\/7-100x100.png 100w, https:\/\/antonikodia.pl\/wp-content\/uploads\/2025\/10\/7-600x600.png 600w, https:\/\/antonikodia.pl\/wp-content\/uploads\/2025\/10\/7-150x150.png 150w, https:\/\/antonikodia.pl\/wp-content\/uploads\/2025\/10\/7-768x768.png 768w, https:\/\/antonikodia.pl\/wp-content\/uploads\/2025\/10\/7.png 1024w\" sizes=\"auto, (max-width: 300px) 100vw, 300px\" \/><\/div>\n\t\t\t\t\t<div class=\"wc-block-grid__product-title\">Dusza 7 \u2013 Poszukiwacz, Wiedza, Cisza<\/div>\n\t\t\t\t<\/a>\n\t\t\t\t<div class=\"wc-block-grid__product-price price\"><span class=\"woocommerce-Price-amount amount\">45,00&nbsp;<span class=\"woocommerce-Price-currencySymbol\">&#122;&#322;<\/span><\/span><\/div>\n\t\t\t\t\n\t\t\t\t<div class=\"wp-block-button wc-block-grid__product-add-to-cart\"><a href=\"https:\/\/antonikodia.pl\/index.php\/produkt\/dusza-7-poszukiwacz-wiedza-cisza\/\" aria-label=\"Przeczytaj wi\u0119cej o &bdquo;Dusza 7 \u2013 Poszukiwacz, Wiedza, Cisza&rdquo;\" data-quantity=\"1\" data-product_id=\"408\" data-product_sku=\"\" data-price=\"45\" rel=\"nofollow\" class=\"wp-block-button__link wp-element-button add_to_cart_button\">Dowiedz si\u0119 wi\u0119cej<\/a><\/div>\n\t\t\t<\/li><li class=\"wc-block-grid__product\">\n\t\t\t\t<a href=\"https:\/\/antonikodia.pl\/index.php\/produkt\/dusza-6-opiekun-milosc-harmonia\/\" class=\"wc-block-grid__product-link\">\n\t\t\t\t\t\n\t\t\t\t\t<div class=\"wc-block-grid__product-image\"><img loading=\"lazy\" decoding=\"async\" width=\"300\" height=\"300\" src=\"https:\/\/antonikodia.pl\/wp-content\/uploads\/2025\/10\/6-300x300.png\" class=\"attachment-woocommerce_thumbnail size-woocommerce_thumbnail\" alt=\"Dusza 6 \u2013 Opiekun, Mi\u0142o\u015b\u0107, Harmonia\" srcset=\"https:\/\/antonikodia.pl\/wp-content\/uploads\/2025\/10\/6-300x300.png 300w, https:\/\/antonikodia.pl\/wp-content\/uploads\/2025\/10\/6-100x100.png 100w, https:\/\/antonikodia.pl\/wp-content\/uploads\/2025\/10\/6-600x600.png 600w, https:\/\/antonikodia.pl\/wp-content\/uploads\/2025\/10\/6-150x150.png 150w, https:\/\/antonikodia.pl\/wp-content\/uploads\/2025\/10\/6-768x768.png 768w, https:\/\/antonikodia.pl\/wp-content\/uploads\/2025\/10\/6.png 1024w\" sizes=\"auto, (max-width: 300px) 100vw, 300px\" \/><\/div>\n\t\t\t\t\t<div class=\"wc-block-grid__product-title\">Dusza 6 \u2013 Opiekun, Mi\u0142o\u015b\u0107, Harmonia<\/div>\n\t\t\t\t<\/a>\n\t\t\t\t<div class=\"wc-block-grid__product-price price\"><span class=\"woocommerce-Price-amount amount\">45,00&nbsp;<span class=\"woocommerce-Price-currencySymbol\">&#122;&#322;<\/span><\/span><\/div>\n\t\t\t\t\n\t\t\t\t<div class=\"wp-block-button wc-block-grid__product-add-to-cart\"><a href=\"https:\/\/antonikodia.pl\/index.php\/produkt\/dusza-6-opiekun-milosc-harmonia\/\" aria-label=\"Przeczytaj wi\u0119cej o &bdquo;Dusza 6 \u2013 Opiekun, Mi\u0142o\u015b\u0107, Harmonia&rdquo;\" data-quantity=\"1\" data-product_id=\"407\" data-product_sku=\"\" data-price=\"45\" rel=\"nofollow\" class=\"wp-block-button__link wp-element-button add_to_cart_button\">Dowiedz si\u0119 wi\u0119cej<\/a><\/div>\n\t\t\t<\/li><\/ul><\/div><\/div>\n<\/div>\n","protected":false},"excerpt":{"rendered":"","protected":false},"author":1,"featured_media":0,"parent":0,"menu_order":0,"comment_status":"closed","ping_status":"closed","template":"","meta":{"footnotes":""},"class_list":["post-333","page","type-page","status-publish","hentry"],"_links":{"self":[{"href":"https:\/\/antonikodia.pl\/index.php\/wp-json\/wp\/v2\/pages\/333","targetHints":{"allow":["GET"]}}],"collection":[{"href":"https:\/\/antonikodia.pl\/index.php\/wp-json\/wp\/v2\/pages"}],"about":[{"href":"https:\/\/antonikodia.pl\/index.php\/wp-json\/wp\/v2\/types\/page"}],"author":[{"embeddable":true,"href":"https:\/\/antonikodia.pl\/index.php\/wp-json\/wp\/v2\/users\/1"}],"replies":[{"embeddable":true,"href":"https:\/\/antonikodia.pl\/index.php\/wp-json\/wp\/v2\/comments?post=333"}],"version-history":[{"count":2,"href":"https:\/\/antonikodia.pl\/index.php\/wp-json\/wp\/v2\/pages\/333\/revisions"}],"predecessor-version":[{"id":442,"href":"https:\/\/antonikodia.pl\/index.php\/wp-json\/wp\/v2\/pages\/333\/revisions\/442"}],"wp:attachment":[{"href":"https:\/\/antonikodia.pl\/index.php\/wp-json\/wp\/v2\/media?parent=333"}],"curies":[{"name":"wp","href":"https:\/\/api.w.org\/{rel}","templated":true}]}}